{"id":171,"date":"2023-02-17T12:32:20","date_gmt":"2023-02-17T17:32:20","guid":{"rendered":"https:\/\/miguelitonunezpiano.com?page_id=171"},"modified":"2023-09-26T11:01:51","modified_gmt":"2023-09-26T16:01:51","slug":"about-us","status":"publish","type":"page","link":"https:\/\/miguelitonunezpiano.com\/en\/about-us\/","title":{"rendered":"About US"},"content":{"rendered":"<div data-elementor-type=\"wp-page\" data-elementor-id=\"171\" class=\"elementor elementor-171\">\n\t\t\t\t\t\t<section class=\"elementor-section elementor-top-section elementor-element elementor-element-1ce7c509 elementor-section-boxed elementor-section-height-default elementor-section-height-default\" data-id=\"1ce7c509\" data-element_type=\"section\" data-e-type=\"section\" data-settings=\"{&quot;background_background&quot;:&quot;classic&quot;,&quot;ekit_has_onepagescroll_dot&quot;:&quot;yes&quot;}\">\n\t\t\t\t\t\t\t<div class=\"elementor-background-overlay\"><\/div>\n\t\t\t\t\t\t\t<div class=\"elementor-container elementor-column-gap-no\">\n\t\t\t\t\t<div class=\"elementor-column elementor-col-100 elementor-top-column elementor-element elementor-element-6c1d30b3\" data-id=\"6c1d30b3\" data-element_type=\"column\" data-e-type=\"column\">\n\t\t\t<div class=\"elementor-widget-wrap elementor-element-populated\">\n\t\t\t\t\t\t<div class=\"elementor-element elementor-element-1713e4e6 elementor-widget elementor-widget-heading\" data-id=\"1713e4e6\" data-element_type=\"widget\" data-e-type=\"widget\" data-settings=\"{&quot;ekit_we_effect_on&quot;:&quot;none&quot;}\" data-widget_type=\"heading.default\">\n\t\t\t\t<div class=\"elementor-widget-container\">\n\t\t\t\t\t<h2 class=\"elementor-heading-title elementor-size-default\">About us<\/h2>\t\t\t\t<\/div>\n\t\t\t\t<\/div>\n\t\t\t\t\t<\/div>\n\t\t<\/div>\n\t\t\t\t\t<\/div>\n\t\t<\/section>\n\t\t\t\t<section class=\"elementor-section elementor-top-section elementor-element elementor-element-54af182e elementor-section-boxed elementor-section-height-default elementor-section-height-default\" data-id=\"54af182e\" data-element_type=\"section\" data-e-type=\"section\" data-settings=\"{&quot;background_background&quot;:&quot;classic&quot;,&quot;ekit_has_onepagescroll_dot&quot;:&quot;yes&quot;}\">\n\t\t\t\t\t\t\t<div class=\"elementor-background-overlay\"><\/div>\n\t\t\t\t\t\t\t<div class=\"elementor-container elementor-column-gap-no\">\n\t\t\t\t\t<div class=\"elementor-column elementor-col-50 elementor-top-column elementor-element elementor-element-5f1a458f\" data-id=\"5f1a458f\" data-element_type=\"column\" data-e-type=\"column\" data-settings=\"{&quot;background_background&quot;:&quot;classic&quot;}\">\n\t\t\t<div class=\"elementor-widget-wrap elementor-element-populated\">\n\t\t\t\t\t\t<div class=\"elementor-element elementor-element-1680b021 elementor-invisible elementor-widget elementor-widget-image\" data-id=\"1680b021\" data-element_type=\"widget\" data-e-type=\"widget\" data-settings=\"{&quot;_animation&quot;:&quot;fadeInLeft&quot;,&quot;_animation_delay&quot;:100,&quot;ekit_we_effect_on&quot;:&quot;none&quot;}\" data-widget_type=\"image.default\">\n\t\t\t\t<div class=\"elementor-widget-container\">\n\t\t\t\t\t\t\t\t\t\t\t\t\t\t\t<img fetchpriority=\"high\" decoding=\"async\" width=\"729\" height=\"1139\" src=\"https:\/\/miguelitonunezpiano.com\/wp-content\/uploads\/2023\/02\/MIGUEL-ABOUT-1.jpg\" class=\"attachment-full size-full wp-image-232\" alt=\"\" srcset=\"https:\/\/miguelitonunezpiano.com\/wp-content\/uploads\/2023\/02\/MIGUEL-ABOUT-1.jpg 729w, https:\/\/miguelitonunezpiano.com\/wp-content\/uploads\/2023\/02\/MIGUEL-ABOUT-1-192x300.jpg 192w, https:\/\/miguelitonunezpiano.com\/wp-content\/uploads\/2023\/02\/MIGUEL-ABOUT-1-655x1024.jpg 655w\" sizes=\"(max-width: 729px) 100vw, 729px\" \/>\t\t\t\t\t\t\t\t\t\t\t\t\t\t\t<\/div>\n\t\t\t\t<\/div>\n\t\t\t\t<div class=\"elementor-element elementor-element-4886761 elementor-invisible elementor-widget elementor-widget-image\" data-id=\"4886761\" data-element_type=\"widget\" data-e-type=\"widget\" data-settings=\"{&quot;_animation&quot;:&quot;fadeInRight&quot;,&quot;_animation_delay&quot;:400,&quot;ekit_we_effect_on&quot;:&quot;none&quot;}\" data-widget_type=\"image.default\">\n\t\t\t\t<div class=\"elementor-widget-container\">\n\t\t\t\t\t\t\t\t\t\t\t\t\t\t\t<img decoding=\"async\" width=\"1070\" height=\"1200\" src=\"https:\/\/miguelitonunezpiano.com\/wp-content\/uploads\/2023\/02\/Miguel-Nunez-23.jpg\" class=\"attachment-full size-full wp-image-294\" alt=\"\" srcset=\"https:\/\/miguelitonunezpiano.com\/wp-content\/uploads\/2023\/02\/Miguel-Nunez-23.jpg 1070w, https:\/\/miguelitonunezpiano.com\/wp-content\/uploads\/2023\/02\/Miguel-Nunez-23-268x300.jpg 268w, https:\/\/miguelitonunezpiano.com\/wp-content\/uploads\/2023\/02\/Miguel-Nunez-23-913x1024.jpg 913w, https:\/\/miguelitonunezpiano.com\/wp-content\/uploads\/2023\/02\/Miguel-Nunez-23-768x861.jpg 768w\" sizes=\"(max-width: 1070px) 100vw, 1070px\" \/>\t\t\t\t\t\t\t\t\t\t\t\t\t\t\t<\/div>\n\t\t\t\t<\/div>\n\t\t\t\t\t<\/div>\n\t\t<\/div>\n\t\t\t\t<div class=\"elementor-column elementor-col-50 elementor-top-column elementor-element elementor-element-f9e48e\" data-id=\"f9e48e\" data-element_type=\"column\" data-e-type=\"column\" data-settings=\"{&quot;background_background&quot;:&quot;classic&quot;}\">\n\t\t\t<div class=\"elementor-widget-wrap elementor-element-populated\">\n\t\t\t\t\t\t<div class=\"elementor-element elementor-element-1c898429 elementor-widget elementor-widget-heading\" data-id=\"1c898429\" data-element_type=\"widget\" data-e-type=\"widget\" data-settings=\"{&quot;ekit_we_effect_on&quot;:&quot;none&quot;}\" data-widget_type=\"heading.default\">\n\t\t\t\t<div class=\"elementor-widget-container\">\n\t\t\t\t\t<h2 class=\"elementor-heading-title elementor-size-default\">Miguel Nu\u00f1ez<\/h2>\t\t\t\t<\/div>\n\t\t\t\t<\/div>\n\t\t\t\t<div class=\"elementor-element elementor-element-1d54b30b elementor-widget elementor-widget-text-editor\" data-id=\"1d54b30b\" data-element_type=\"widget\" data-e-type=\"widget\" data-settings=\"{&quot;ekit_we_effect_on&quot;:&quot;none&quot;}\" data-widget_type=\"text-editor.default\">\n\t\t\t\t<div class=\"elementor-widget-container\">\n\t\t\t\t\t\t\t\t\t<p>Welcome to the official website of Miguel Nunez, one of Cuba's most renowned and versatile pianists. With over two decades of experience, Miguel has captivated audiences around the world with his dynamic performances and passionate interpretations of Cuban and Latin American music. Born and raised in Havana, Miguel's passion for music started at a young age, and he went on to study at the prestigious Amadeo Roldan Conservatory before embarking on a successful career as a professional pianist.<\/p><p>Throughout his career, Miguel has collaborated with some of the most respected names in the music industry and has performed in some of the world's most prestigious concert halls and festivals. He is known for his unique blend of classical and contemporary styles, and his ability to infuse his music with the rhythms and melodies of Cuba and Latin America.<\/p><p>In addition to his impressive performance career, Miguel is also a dedicated educator who is committed to preserving and promoting Cuban music. He has taught at several music schools and universities in Cuba, Europe, and the United States, and has conducted masterclasses and workshops for aspiring musicians.<\/p><p>Miguel has released several recordings, including his most recent album, \"Cuba Linda,\" which features a mix of classic Cuban tunes and contemporary compositions. He has also composed music for film, television, and theater, and has been recognized for his contributions to the arts with numerous awards and honors.<\/p><p>Today, Miguel continues to perform, teach, and compose music, and is dedicated to sharing his love of music with audiences around the world. His performances are always electrifying and leave audiences wanting more, and his passion for Cuban music and culture is infectious.<\/p>\t\t\t\t\t\t\t\t<\/div>\n\t\t\t\t<\/div>\n\t\t\t\t\t<\/div>\n\t\t<\/div>\n\t\t\t\t\t<\/div>\n\t\t<\/section>\n\t\t\t\t<section class=\"elementor-section elementor-top-section elementor-element elementor-element-4cd4bfc elementor-section-boxed elementor-section-height-default elementor-section-height-default\" data-id=\"4cd4bfc\" data-element_type=\"section\" data-e-type=\"section\" data-settings=\"{&quot;background_background&quot;:&quot;classic&quot;,&quot;ekit_has_onepagescroll_dot&quot;:&quot;yes&quot;}\">\n\t\t\t\t\t\t\t<div class=\"elementor-background-overlay\"><\/div>\n\t\t\t\t\t\t\t<div class=\"elementor-container elementor-column-gap-no\">\n\t\t\t\t\t<div class=\"elementor-column elementor-col-100 elementor-top-column elementor-element elementor-element-6507ffc\" data-id=\"6507ffc\" data-element_type=\"column\" data-e-type=\"column\" data-settings=\"{&quot;background_background&quot;:&quot;classic&quot;}\">\n\t\t\t<div class=\"elementor-widget-wrap elementor-element-populated\">\n\t\t\t\t\t\t<div class=\"elementor-element elementor-element-d17d4eb elementor-widget elementor-widget-heading\" data-id=\"d17d4eb\" data-element_type=\"widget\" data-e-type=\"widget\" data-settings=\"{&quot;ekit_we_effect_on&quot;:&quot;none&quot;}\" data-widget_type=\"heading.default\">\n\t\t\t\t<div class=\"elementor-widget-container\">\n\t\t\t\t\t<h2 class=\"elementor-heading-title elementor-size-default\">BRINGING THE SOUL OF LATIN MUSIC TO THE WORLD.<\/h2>\t\t\t\t<\/div>\n\t\t\t\t<\/div>\n\t\t\t\t\t<\/div>\n\t\t<\/div>\n\t\t\t\t\t<\/div>\n\t\t<\/section>\n\t\t\t\t<section class=\"elementor-section elementor-top-section elementor-element elementor-element-4beeed04 elementor-section-boxed elementor-section-height-default elementor-section-height-default\" data-id=\"4beeed04\" data-element_type=\"section\" data-e-type=\"section\" data-settings=\"{&quot;background_background&quot;:&quot;classic&quot;,&quot;ekit_has_onepagescroll_dot&quot;:&quot;yes&quot;}\">\n\t\t\t\t\t\t<div class=\"elementor-container elementor-column-gap-no\">\n\t\t\t\t\t<div class=\"elementor-column elementor-col-100 elementor-top-column elementor-element elementor-element-58dbc874\" data-id=\"58dbc874\" data-element_type=\"column\" data-e-type=\"column\">\n\t\t\t<div class=\"elementor-widget-wrap elementor-element-populated\">\n\t\t\t\t\t\t<div class=\"elementor-element elementor-element-76faaecd elementor-widget elementor-widget-heading\" data-id=\"76faaecd\" data-element_type=\"widget\" data-e-type=\"widget\" data-settings=\"{&quot;ekit_we_effect_on&quot;:&quot;none&quot;}\" data-widget_type=\"heading.default\">\n\t\t\t\t<div class=\"elementor-widget-container\">\n\t\t\t\t\t<h2 class=\"elementor-heading-title elementor-size-default\">Press<\/h2>\t\t\t\t<\/div>\n\t\t\t\t<\/div>\n\t\t\t\t<section class=\"elementor-section elementor-inner-section elementor-element elementor-element-46504363 elementor-section-boxed elementor-section-height-default elementor-section-height-default\" data-id=\"46504363\" data-element_type=\"section\" data-e-type=\"section\" data-settings=\"{&quot;ekit_has_onepagescroll_dot&quot;:&quot;yes&quot;}\">\n\t\t\t\t\t\t<div class=\"elementor-container elementor-column-gap-no\">\n\t\t\t\t\t<div class=\"elementor-column elementor-col-33 elementor-inner-column elementor-element elementor-element-2bfa51a\" data-id=\"2bfa51a\" data-element_type=\"column\" data-e-type=\"column\">\n\t\t\t<div class=\"elementor-widget-wrap elementor-element-populated\">\n\t\t\t\t\t\t<div class=\"elementor-element elementor-element-5337a27d elementor-widget elementor-widget-elementskit-blog-posts\" data-id=\"5337a27d\" data-element_type=\"widget\" data-e-type=\"widget\" data-settings=\"{&quot;ekit_we_effect_on&quot;:&quot;none&quot;}\" data-widget_type=\"elementskit-blog-posts.default\">\n\t\t\t\t<div class=\"elementor-widget-container\">\n\t\t\t\t\t<div class=\"ekit-wid-con\" >\n        <div id=\"post-items--5337a27d\" class=\"row post-items ekit-blog-posts-content\">\n\n        \n            \n\n            <div class=\"col-lg-12 col-md-12\">\n\n                                    <div class=\"elementskit-post-image-card\">\n                        <div class=\"elementskit-entry-header\">\n                            \n                            \n                                                    <\/div><!-- .elementskit-entry-header END -->\n\n                        <div class=\"elementskit-post-body\">\n                                                                                    <h2 class=\"entry-title\">\n                    <a href=\"https:\/\/miguelitonunezpiano.com\/en\/2023\/02\/17\/hola-mundo\/\">\n                            \u00a1Hola mundo!                    <\/a>\n                <\/h2>\n                                                        \n                                                                                                                <div class=\"post-meta-list\">\n                                                                                                <span class=\"meta-date\">\n\n                                \n                                <span class=\"meta-date-text\">\n                                    17 February, 2023                                <\/span>\n                            <\/span>\n                                                                                                            <\/div>\n                                                                        \n                                        \n                                                                                                                                                                            <p>Bienvenido(a) a WordPress. Esta es tu primera entrada. Ed\u00edtala o b\u00f3rrala \u00a1y comienza a publicar!<\/p>\n                                                                                                                                                        <div class=\"btn-wraper\">\n                                    \n                                                                            <a href=\"https:\/\/miguelitonunezpiano.com\/en\/2023\/02\/17\/hola-mundo\/\" class=\"elementskit-btn  whitespace--normal\" >\n                                                                                    read more                                         <\/a>\n                                                                    <\/div>\n                                                    <\/div><!-- .elementskit-post-body END -->\n                    <\/div>\n                \n            <\/div>\n\n                    <\/div>\n        \n        \n        <\/div>\t\t\t\t<\/div>\n\t\t\t\t<\/div>\n\t\t\t\t\t<\/div>\n\t\t<\/div>\n\t\t\t\t<div class=\"elementor-column elementor-col-33 elementor-inner-column elementor-element elementor-element-7fee3803\" data-id=\"7fee3803\" data-element_type=\"column\" data-e-type=\"column\">\n\t\t\t<div class=\"elementor-widget-wrap elementor-element-populated\">\n\t\t\t\t\t\t<div class=\"elementor-element elementor-element-68630c92 elementor-widget elementor-widget-elementskit-blog-posts\" data-id=\"68630c92\" data-element_type=\"widget\" data-e-type=\"widget\" data-settings=\"{&quot;ekit_we_effect_on&quot;:&quot;none&quot;}\" data-widget_type=\"elementskit-blog-posts.default\">\n\t\t\t\t<div class=\"elementor-widget-container\">\n\t\t\t\t\t<div class=\"ekit-wid-con\" >\n        <div id=\"post-items--68630c92\" class=\"row post-items ekit-blog-posts-content\">\n\n                <\/div>\n        \n        \n        <\/div>\t\t\t\t<\/div>\n\t\t\t\t<\/div>\n\t\t\t\t\t<\/div>\n\t\t<\/div>\n\t\t\t\t<div class=\"elementor-column elementor-col-33 elementor-inner-column elementor-element elementor-element-40cbba0b\" data-id=\"40cbba0b\" data-element_type=\"column\" data-e-type=\"column\">\n\t\t\t<div class=\"elementor-widget-wrap elementor-element-populated\">\n\t\t\t\t\t\t<div class=\"elementor-element elementor-element-3a1b1955 elementor-widget elementor-widget-elementskit-blog-posts\" data-id=\"3a1b1955\" data-element_type=\"widget\" data-e-type=\"widget\" data-settings=\"{&quot;ekit_we_effect_on&quot;:&quot;none&quot;}\" data-widget_type=\"elementskit-blog-posts.default\">\n\t\t\t\t<div class=\"elementor-widget-container\">\n\t\t\t\t\t<div class=\"ekit-wid-con\" >\n        <div id=\"post-items--3a1b1955\" class=\"row post-items ekit-blog-posts-content\">\n\n                <\/div>\n        \n        \n        <\/div>\t\t\t\t<\/div>\n\t\t\t\t<\/div>\n\t\t\t\t\t<\/div>\n\t\t<\/div>\n\t\t\t\t\t<\/div>\n\t\t<\/section>\n\t\t\t\t<div class=\"elementor-element elementor-element-6330e9f6 elementor-align-center elementor-widget elementor-widget-button\" data-id=\"6330e9f6\" data-element_type=\"widget\" data-e-type=\"widget\" data-settings=\"{&quot;ekit_we_effect_on&quot;:&quot;none&quot;}\" data-widget_type=\"button.default\">\n\t\t\t\t<div class=\"elementor-widget-container\">\n\t\t\t\t\t\t\t\t\t<div class=\"elementor-button-wrapper\">\n\t\t\t\t\t<a class=\"elementor-button elementor-button-link elementor-size-sm\" href=\"https:\/\/miguelitonunezpiano.compress\/\">\n\t\t\t\t\t\t<span class=\"elementor-button-content-wrapper\">\n\t\t\t\t\t\t\t\t\t<span class=\"elementor-button-text\">read more<\/span>\n\t\t\t\t\t<\/span>\n\t\t\t\t\t<\/a>\n\t\t\t\t<\/div>\n\t\t\t\t\t\t\t\t<\/div>\n\t\t\t\t<\/div>\n\t\t\t\t\t<\/div>\n\t\t<\/div>\n\t\t\t\t\t<\/div>\n\t\t<\/section>\n\t\t\t\t<\/div>","protected":false},"excerpt":{"rendered":"<p>About us Miguel Nu\u00f1ez Bienvenidos al sitio web oficial de Miguel N\u00fa\u00f1ez, uno de los pianistas m\u00e1s reconocidos y vers\u00e1tiles de Cuba. Con m\u00e1s de tres d\u00e9cadas de experiencia, Miguel ha cautivado al p\u00fablico de todo el mundo con sus actuaciones din\u00e1micas y apasionadas interpretaciones de la m\u00fasica cubana y latinoamericana. Nacido y criado en [&hellip;]<\/p>\n","protected":false},"author":1,"featured_media":0,"parent":0,"menu_order":0,"comment_status":"closed","ping_status":"closed","template":"elementor_header_footer","meta":{"footnotes":""},"class_list":["post-171","page","type-page","status-publish","hentry"],"_links":{"self":[{"href":"https:\/\/miguelitonunezpiano.com\/en\/wp-json\/wp\/v2\/pages\/171","targetHints":{"allow":["GET"]}}],"collection":[{"href":"https:\/\/miguelitonunezpiano.com\/en\/wp-json\/wp\/v2\/pages"}],"about":[{"href":"https:\/\/miguelitonunezpiano.com\/en\/wp-json\/wp\/v2\/types\/page"}],"author":[{"embeddable":true,"href":"https:\/\/miguelitonunezpiano.com\/en\/wp-json\/wp\/v2\/users\/1"}],"replies":[{"embeddable":true,"href":"https:\/\/miguelitonunezpiano.com\/en\/wp-json\/wp\/v2\/comments?post=171"}],"version-history":[{"count":46,"href":"https:\/\/miguelitonunezpiano.com\/en\/wp-json\/wp\/v2\/pages\/171\/revisions"}],"predecessor-version":[{"id":705,"href":"https:\/\/miguelitonunezpiano.com\/en\/wp-json\/wp\/v2\/pages\/171\/revisions\/705"}],"wp:attachment":[{"href":"https:\/\/miguelitonunezpiano.com\/en\/wp-json\/wp\/v2\/media?parent=171"}],"curies":[{"name":"wp","href":"https:\/\/api.w.org\/{rel}","templated":true}]}}